{"id":732,"date":"2025-10-08T15:33:28","date_gmt":"2025-10-08T13:33:28","guid":{"rendered":"https:\/\/haras-de-nantes.fr\/evenements\/?page_id=732"},"modified":"2025-11-21T10:45:02","modified_gmt":"2025-11-21T09:45:02","slug":"blog","status":"publish","type":"page","link":"https:\/\/haras-de-nantes.fr\/evenements\/blog\/","title":{"rendered":"Blog"},"content":{"rendered":"<h1>Nos conseils pour vos \u00e9v\u00e9nements r\u00e9ussis<\/h1>\n<ul>\n<li>\n<p>        <img decoding=\"async\" src=\"\/evenements\/wp-content\/uploads\/2025\/10\/Equicoaching-4-scaled.jpg\" alt=\"equicoaching nantes\"><\/p>\n<h3>Les 5 atouts de l\u2019\u00e9quicoaching pour un s\u00e9minaire d\u2019entreprise \u00e0 Nantes<\/h3>\n<div>\n<p>Dans cet article, revenons sur<span>\u00a0<\/span><strong>les principaux atouts de l\u2019\u00e9quicoaching<\/strong><span>\u00a0<\/span>qui feront de votre prochain s\u00e9minaire un moment fort qui rayonnera ensuite dans votre quotidien professionnel.\u00a0<\/p>\n<\/div>\n<p><a href=\"https:\/\/haras-de-nantes.fr\/evenements\/2025\/10\/08\/les-5-atouts-de-lequicoaching-pour-un-seminaire-dentreprise-a-nantes\/\">Lire l&rsquo;article<\/a><\/p>\n<\/li>\n<li>\n<p>        <img decoding=\"async\" src=\"\/evenements\/wp-content\/uploads\/2025\/10\/IMG_4808-min-edited-scaled.jpg\" alt=\"\"><\/p>\n<h3>S\u00e9minaire d\u2019entreprise et team building \u00e0 Nantes, comment s\u2019adapter \u00e0 la taille de votre groupe ?<\/h3>\n<div>\n<p><span>Selon que vous r\u00e9unissiez 10, 50, 200 ou plus de 500 collaborateurs, <\/span><strong>les objectifs, la logistique et les animations doivent \u00eatre adapt\u00e9s<\/strong><span>\u00a0pour garantir coh\u00e9sion, participation et efficacit\u00e9.\u00a0<\/span><\/p>\n<\/div>\n<p><a href=\"https:\/\/haras-de-nantes.fr\/evenements\/2025\/10\/08\/seminaire-dentreprise-et-team-building-a-nantes-comment-sadapter-a-la-taille-de-votre-groupe\/\">Lire l&rsquo;article<\/a><\/p>\n<\/li>\n<li>\n<p>        <img decoding=\"async\" src=\"\/evenements\/wp-content\/uploads\/2025\/10\/1000039645-1.jpg\" alt=\"\"><\/p>\n<h3>L\u2019\u00e9quitation, un support de Team Building original possible \u00e0 Nantes<\/h3>\n<div>\n<p>L<strong>\u2019\u00e9quitation<\/strong><span>\u00a0est une activit\u00e9 atypique qui associe nature, d\u00e9passement de soi et coh\u00e9sion d\u2019\u00e9quipE.<\/span><\/p>\n<\/div>\n<p><a href=\"https:\/\/haras-de-nantes.fr\/evenements\/2025\/10\/08\/lequitation-un-support-de-team-building-original-possible-a-nantes\/\">Lire l&rsquo;article<\/a><\/p>\n<\/li>\n<li>\n<p>        <img decoding=\"async\" src=\"\/evenements\/wp-content\/uploads\/2025\/10\/Photo-seminaire-Alten-sans-logo-scaled.png\" alt=\"\"><\/p>\n<h3>Les 5 r\u00e8gles cl\u00e9s pour organiser un team building \u00e0 Nantes<\/h3>\n<div>\n<p>Voici<span>\u00a0<\/span><strong>les 5 r\u00e8gles cl\u00e9s d\u2019or<\/strong><span>\u00a0<\/span>\u00e0 suivre pour organiser un team building r\u00e9ussi \u00e0 Nantes.<\/p>\n<\/div>\n<p><a href=\"https:\/\/haras-de-nantes.fr\/evenements\/2025\/10\/08\/les-5-regles-cles-pour-organiser-un-team-building-a-nantes\/\">Lire l&rsquo;article<\/a><\/p>\n<\/li>\n<li>\n<p>        <img decoding=\"async\" src=\"\/evenements\/wp-content\/uploads\/2025\/11\/Escape-Game-5-scaled-e1762349082600.jpg\" alt=\"escape game nantes\"><\/p>\n<h3>Escape games \u00e0 Nantes : les univers et exp\u00e9riences \u00e0 d\u00e9couvrir pour r\u00e9ussir son team building<\/h3>\n<div>\n<p><strong>L\u2019escape game<\/strong> nantais <strong>continue de se r\u00e9inventer<\/strong>, port\u00e9 par une offre cr\u00e9ative et vari\u00e9e. Parmi ces nouvelles exp\u00e9riences, le Haras de Nantes illustre parfaitement cette \u00e9volution.<\/p>\n<\/div>\n<p><a href=\"https:\/\/haras-de-nantes.fr\/evenements\/2025\/11\/05\/escape-games-a-nantes-les-univers-et-experiences-a-decouvrir-pour-reussir-son-team-building\/\">Lire l&rsquo;article<\/a><\/p>\n<\/li>\n<li>\n<p>        <img decoding=\"async\" src=\"\/evenements\/wp-content\/uploads\/2025\/10\/Blind-Dada-Test-4-scaled.jpg\" alt=\"animation s\u00e9minaire nantes\"><\/p>\n<h3>Organiser son anniversaire \u00e0 Nantes : id\u00e9es originales et lieux incontournables en 2025<\/h3>\n<div>\n<p>Vous cherchez <strong>une id\u00e9e originale<\/strong> pour f\u00eater votre anniversaire \u00e0 Nantes ?\u00a0<\/p>\n<\/div>\n<p><a href=\"https:\/\/haras-de-nantes.fr\/evenements\/2025\/11\/14\/organiser-son-anniversaire-a-nantes-idees-originales-et-lieux-incontournables-en-2025\/\">Lire l&rsquo;article<\/a><\/p>\n<\/li>\n<li>\n<p>        <img decoding=\"async\" src=\"\/evenements\/wp-content\/uploads\/2025\/11\/Seminaire-RTE-2-scaled.png\" alt=\"team building nantes\"><\/p>\n<h3>Team Building \u00e0 Nantes : activit\u00e9s d\u2019entreprise originales et lieux incontournables en 2025<\/h3>\n<div>\n<p><span>Organiser un team building n\u2019est plus une simple pause dans le calendrier RH.<\/span><br \/><span>C\u2019est devenu un levier de coh\u00e9sion, de motivation et d\u2019innovation pour les entreprises.<\/span><br \/><span>En 2025, la tendance est claire : les collaborateurs recherchent des exp\u00e9riences collectives qui ont du sens.<\/span><\/p>\n<\/div>\n<p><a href=\"https:\/\/haras-de-nantes.fr\/evenements\/2025\/11\/21\/team-building-a-nantes-activites-dentreprise-originales-et-lieux-incontournables-en-2025\/\">Lire l&rsquo;article<\/a><\/p>\n<\/li>\n<\/ul>\n<p><!--more--><br \/>\n<!-- {\"type\":\"layout\",\"children\":[{\"type\":\"section\",\"props\":{\"image_position\":\"center-center\",\"style\":\"default\",\"title_breakpoint\":\"xl\",\"title_position\":\"top-left\",\"title_rotation\":\"left\",\"vertical_align\":\"middle\",\"width\":\"default\"},\"children\":[{\"type\":\"row\",\"children\":[{\"type\":\"column\",\"props\":{\"image_position\":\"center-center\",\"position_sticky_breakpoint\":\"m\"},\"children\":[{\"type\":\"headline\",\"props\":{\"content\":\"Nos conseils pour vos \\u00e9v\\u00e9nements r\\u00e9ussis\",\"title_element\":\"h1\"}}]}]}]},{\"type\":\"section\",\"props\":{\"image_position\":\"center-center\",\"style\":\"default\",\"title_breakpoint\":\"xl\",\"title_position\":\"top-left\",\"title_rotation\":\"left\",\"vertical_align\":\"middle\",\"width\":\"default\"},\"children\":[{\"type\":\"row\",\"children\":[{\"type\":\"column\",\"props\":{\"image_position\":\"center-center\",\"position_sticky_breakpoint\":\"m\"},\"children\":[{\"type\":\"grid\",\"props\":{\"container_padding_remove\":false,\"content_column_breakpoint\":\"m\",\"filter\":false,\"filter_align\":\"left\",\"filter_all\":true,\"filter_grid_breakpoint\":\"m\",\"filter_grid_width\":\"auto\",\"filter_position\":\"top\",\"filter_style\":\"tab\",\"grid_column_gap\":\"large\",\"grid_default\":\"1\",\"grid_medium\":\"3\",\"grid_parallax\":\"0\",\"icon_width\":80,\"image_align\":\"top\",\"image_grid_breakpoint\":\"m\",\"image_grid_width\":\"1-2\",\"image_height\":400,\"image_svg_color\":\"emphasis\",\"image_width\":500,\"item_animation\":true,\"lightbox_bg_close\":true,\"link_style\":\"default\",\"link_text\":\"Read more\",\"margin\":\"\",\"meta_align\":\"below-title\",\"meta_element\":\"div\",\"meta_style\":\"text-meta\",\"show_content\":true,\"show_hover_image\":false,\"show_hover_video\":false,\"show_image\":true,\"show_link\":true,\"show_meta\":false,\"show_title\":true,\"show_video\":false,\"title_align\":\"top\",\"title_color\":\"primary\",\"title_decoration\":\"divider\",\"title_element\":\"h3\",\"title_font_family\":\"secondary\",\"title_grid_breakpoint\":\"m\",\"title_grid_width\":\"1-2\",\"title_hover_style\":\"reset\",\"title_style\":\"h4\"},\"children\":[{\"type\":\"grid_item\",\"props\":{\"content\":\"\n\n<p>Dans cet article, revenons sur<span>\\u00a0<\\\/span><strong>les principaux atouts de l\\u2019\\u00e9quicoaching<\\\/strong><span>\\u00a0<\\\/span>qui feront de votre prochain s\\u00e9minaire un moment fort qui rayonnera ensuite dans votre quotidien professionnel.\\u00a0<\\\/p>\",\"image\":\"wp-content\\\/uploads\\\/2025\\\/10\\\/Equicoaching-4-scaled.jpg\",\"image_alt\":\"equicoaching nantes\",\"link\":\"https:\\\/\\\/haras-de-nantes.fr\\\/evenements\\\/2025\\\/10\\\/08\\\/les-5-atouts-de-lequicoaching-pour-un-seminaire-dentreprise-a-nantes\\\/\",\"link_text\":\"Lire l'article\",\"title\":\"Les 5 atouts de l\\u2019\\u00e9quicoaching pour un s\\u00e9minaire d\\u2019entreprise \\u00e0 Nantes\"}},{\"type\":\"grid_item\",\"props\":{\"content\":\"\n\n<p><span>Selon que vous r\\u00e9unissiez 10, 50, 200 ou plus de 500 collaborateurs, <\\\/span><strong>les objectifs, la logistique et les animations doivent \\u00eatre adapt\\u00e9s<\\\/strong><span>\\u00a0pour garantir coh\\u00e9sion, participation et efficacit\\u00e9.\\u00a0<\\\/span><\\\/p>\",\"image\":\"wp-content\\\/uploads\\\/2025\\\/10\\\/IMG_4808-min-edited-scaled.jpg\",\"link\":\"https:\\\/\\\/haras-de-nantes.fr\\\/evenements\\\/2025\\\/10\\\/08\\\/seminaire-dentreprise-et-team-building-a-nantes-comment-sadapter-a-la-taille-de-votre-groupe\\\/\",\"link_text\":\"Lire l'article\",\"title\":\"S\\u00e9minaire d\\u2019entreprise et team building \\u00e0 Nantes, comment s\\u2019adapter \\u00e0 la taille de votre groupe ?\"}},{\"type\":\"grid_item\",\"props\":{\"content\":\"\n\n<p>L<strong>\\u2019\\u00e9quitation<\\\/strong><span>\\u00a0est une activit\\u00e9 atypique qui associe nature, d\\u00e9passement de soi et coh\\u00e9sion d\\u2019\\u00e9quipE.<\\\/span><\\\/p>\",\"image\":\"wp-content\\\/uploads\\\/2025\\\/10\\\/1000039645-1.jpg\",\"link\":\"https:\\\/\\\/haras-de-nantes.fr\\\/evenements\\\/2025\\\/10\\\/08\\\/lequitation-un-support-de-team-building-original-possible-a-nantes\\\/\",\"link_text\":\"Lire l'article\",\"meta\":\"\",\"title\":\"L\\u2019\\u00e9quitation, un support de Team Building original possible \\u00e0 Nantes\"}},{\"type\":\"grid_item\",\"props\":{\"content\":\"\n\n<p>Voici<span>\\u00a0<\\\/span><strong>les 5 r\\u00e8gles cl\\u00e9s d\\u2019or<\\\/strong><span>\\u00a0<\\\/span>\\u00e0 suivre pour organiser un team building r\\u00e9ussi \\u00e0 Nantes.<\\\/p>\",\"image\":\"wp-content\\\/uploads\\\/2025\\\/10\\\/Photo-seminaire-Alten-sans-logo-scaled.png\",\"link\":\"https:\\\/\\\/haras-de-nantes.fr\\\/evenements\\\/2025\\\/10\\\/08\\\/les-5-regles-cles-pour-organiser-un-team-building-a-nantes\\\/\",\"link_text\":\"Lire l'article\",\"title\":\"Les 5 r\\u00e8gles cl\\u00e9s pour organiser un team building \\u00e0 Nantes\"}},{\"type\":\"grid_item\",\"props\":{\"content\":\"\n\n<p><strong>L\\u2019escape game<\\\/strong> nantais <strong>continue de se r\\u00e9inventer<\\\/strong>, port\\u00e9 par une offre cr\\u00e9ative et vari\\u00e9e. Parmi ces nouvelles exp\\u00e9riences, le Haras de Nantes illustre parfaitement cette \\u00e9volution.<\\\/p>\",\"image\":\"wp-content\\\/uploads\\\/2025\\\/11\\\/Escape-Game-5-scaled-e1762349082600.jpg\",\"image_alt\":\"escape game nantes\",\"link\":\"https:\\\/\\\/haras-de-nantes.fr\\\/evenements\\\/2025\\\/11\\\/05\\\/escape-games-a-nantes-les-univers-et-experiences-a-decouvrir-pour-reussir-son-team-building\\\/\",\"link_text\":\"Lire l'article\",\"title\":\"Escape games \\u00e0 Nantes : les univers et exp\\u00e9riences \\u00e0 d\\u00e9couvrir pour r\\u00e9ussir son team building\"}},{\"type\":\"grid_item\",\"props\":{\"content\":\"\n\n<p>Vous cherchez <strong>une id\\u00e9e originale<\\\/strong> pour f\\u00eater votre anniversaire \\u00e0 Nantes ?\\u00a0<\\\/p>\",\"image\":\"wp-content\\\/uploads\\\/2025\\\/10\\\/Blind-Dada-Test-4-scaled.jpg\",\"image_alt\":\"animation s\\u00e9minaire nantes\",\"link\":\"https:\\\/\\\/haras-de-nantes.fr\\\/evenements\\\/2025\\\/11\\\/14\\\/organiser-son-anniversaire-a-nantes-idees-originales-et-lieux-incontournables-en-2025\\\/\",\"link_text\":\"Lire l'article\",\"title\":\"Organiser son anniversaire \\u00e0 Nantes : id\\u00e9es originales et lieux incontournables en 2025\"}},{\"type\":\"grid_item\",\"props\":{\"content\":\"\n\n<p><span>Organiser un team building n\\u2019est plus une simple pause dans le calendrier RH.<\\\/span><br \\\/><span>C\\u2019est devenu un levier de coh\\u00e9sion, de motivation et d\\u2019innovation pour les entreprises.<\\\/span><br \\\/><span>En 2025, la tendance est claire : les collaborateurs recherchent des exp\\u00e9riences collectives qui ont du sens.<\\\/span><\\\/p>\",\"image\":\"wp-content\\\/uploads\\\/2025\\\/11\\\/Seminaire-RTE-2-scaled.png\",\"image_alt\":\"team building nantes\",\"link\":\"https:\\\/\\\/haras-de-nantes.fr\\\/evenements\\\/2025\\\/11\\\/21\\\/team-building-a-nantes-activites-dentreprise-originales-et-lieux-incontournables-en-2025\\\/\",\"link_text\":\"Lire l'article\",\"title\":\"Team Building \\u00e0 Nantes : activit\\u00e9s d\\u2019entreprise originales et lieux incontournables en 2025\"}}]}]}]}]}],\"version\":\"4.5.11\"} --><\/p>\n","protected":false},"excerpt":{"rendered":"<p>Nos conseils pour vos \u00e9v\u00e9nements r\u00e9ussis Les 5 atouts de l\u2019\u00e9quicoaching pour un s\u00e9minaire d\u2019entreprise \u00e0 Nantes Dans cet article, revenons sur\u00a0les principaux atouts de l\u2019\u00e9quicoaching\u00a0qui feront de votre prochain s\u00e9minaire un moment fort qui rayonnera ensuite dans votre quotidien professionnel.\u00a0 Lire l&rsquo;article S\u00e9minaire d\u2019entreprise et team building \u00e0 Nantes, comment s\u2019adapter \u00e0 la taille [&hellip;]<\/p>\n","protected":false},"author":1,"featured_media":0,"parent":0,"menu_order":0,"comment_status":"closed","ping_status":"closed","template":"","meta":{"footnotes":""},"class_list":["post-732","page","type-page","status-publish","hentry"],"yoast_head":"<!-- This site is optimized with the Yoast SEO plugin v26.0 - https:\/\/yoast.com\/wordpress\/plugins\/seo\/ -->\n<title>Blog - Haras de Nantes \u00c9v\u00e8nements<\/title>\n<meta name=\"robots\" content=\"index, follow, max-snippet:-1, max-image-preview:large, max-video-preview:-1\" \/>\n<link rel=\"canonical\" href=\"https:\/\/haras-de-nantes.fr\/evenements\/blog\/\" \/>\n<meta property=\"og:locale\" content=\"fr_FR\" \/>\n<meta property=\"og:type\" content=\"article\" \/>\n<meta property=\"og:title\" content=\"Blog - Haras de Nantes \u00c9v\u00e8nements\" \/>\n<meta property=\"og:description\" content=\"Nos conseils pour vos \u00e9v\u00e9nements r\u00e9ussis Les 5 atouts de l\u2019\u00e9quicoaching pour un s\u00e9minaire d\u2019entreprise \u00e0 Nantes Dans cet article, revenons sur\u00a0les principaux atouts de l\u2019\u00e9quicoaching\u00a0qui feront de votre prochain s\u00e9minaire un moment fort qui rayonnera ensuite dans votre quotidien professionnel.\u00a0 Lire l&rsquo;article S\u00e9minaire d\u2019entreprise et team building \u00e0 Nantes, comment s\u2019adapter \u00e0 la taille [&hellip;]\" \/>\n<meta property=\"og:url\" content=\"https:\/\/haras-de-nantes.fr\/evenements\/blog\/\" \/>\n<meta property=\"og:site_name\" content=\"Haras de Nantes \u00c9v\u00e8nements\" \/>\n<meta property=\"article:modified_time\" content=\"2025-11-21T09:45:02+00:00\" \/>\n<meta name=\"twitter:card\" content=\"summary_large_image\" \/>\n<meta name=\"twitter:label1\" content=\"Dur\u00e9e de lecture estim\u00e9e\" \/>\n\t<meta name=\"twitter:data1\" content=\"2 minutes\" \/>\n<script type=\"application\/ld+json\" class=\"yoast-schema-graph\">{\"@context\":\"https:\/\/schema.org\",\"@graph\":[{\"@type\":\"WebPage\",\"@id\":\"https:\/\/haras-de-nantes.fr\/evenements\/blog\/\",\"url\":\"https:\/\/haras-de-nantes.fr\/evenements\/blog\/\",\"name\":\"Blog - Haras de Nantes \u00c9v\u00e8nements\",\"isPartOf\":{\"@id\":\"https:\/\/haras-de-nantes.fr\/evenements\/#website\"},\"datePublished\":\"2025-10-08T13:33:28+00:00\",\"dateModified\":\"2025-11-21T09:45:02+00:00\",\"breadcrumb\":{\"@id\":\"https:\/\/haras-de-nantes.fr\/evenements\/blog\/#breadcrumb\"},\"inLanguage\":\"fr-FR\",\"potentialAction\":[{\"@type\":\"ReadAction\",\"target\":[\"https:\/\/haras-de-nantes.fr\/evenements\/blog\/\"]}]},{\"@type\":\"BreadcrumbList\",\"@id\":\"https:\/\/haras-de-nantes.fr\/evenements\/blog\/#breadcrumb\",\"itemListElement\":[{\"@type\":\"ListItem\",\"position\":1,\"name\":\"Accueil\",\"item\":\"https:\/\/haras-de-nantes.fr\/evenements\/\"},{\"@type\":\"ListItem\",\"position\":2,\"name\":\"Blog\"}]},{\"@type\":\"WebSite\",\"@id\":\"https:\/\/haras-de-nantes.fr\/evenements\/#website\",\"url\":\"https:\/\/haras-de-nantes.fr\/evenements\/\",\"name\":\"Haras de Nantes \u00e9v\u00e9nements\",\"description\":\"\",\"publisher\":{\"@id\":\"https:\/\/haras-de-nantes.fr\/evenements\/#organization\"},\"potentialAction\":[{\"@type\":\"SearchAction\",\"target\":{\"@type\":\"EntryPoint\",\"urlTemplate\":\"https:\/\/haras-de-nantes.fr\/evenements\/?s={search_term_string}\"},\"query-input\":{\"@type\":\"PropertyValueSpecification\",\"valueRequired\":true,\"valueName\":\"search_term_string\"}}],\"inLanguage\":\"fr-FR\"},{\"@type\":\"Organization\",\"@id\":\"https:\/\/haras-de-nantes.fr\/evenements\/#organization\",\"name\":\"Haras de Nantes \u00e9v\u00e9nements\",\"url\":\"https:\/\/haras-de-nantes.fr\/evenements\/\",\"logo\":{\"@type\":\"ImageObject\",\"inLanguage\":\"fr-FR\",\"@id\":\"https:\/\/haras-de-nantes.fr\/evenements\/#\/schema\/logo\/image\/\",\"url\":\"https:\/\/haras-de-nantes.fr\/evenements\/wp-content\/uploads\/2025\/04\/Logo.png\",\"contentUrl\":\"https:\/\/haras-de-nantes.fr\/evenements\/wp-content\/uploads\/2025\/04\/Logo.png\",\"width\":369,\"height\":108,\"caption\":\"Haras de Nantes \u00e9v\u00e9nements\"},\"image\":{\"@id\":\"https:\/\/haras-de-nantes.fr\/evenements\/#\/schema\/logo\/image\/\"},\"sameAs\":[\"https:\/\/www.instagram.com\/haras_de_nantes_evenements\/\"]}]}<\/script>\n<!-- \/ Yoast SEO plugin. -->","yoast_head_json":{"title":"Blog - Haras de Nantes \u00c9v\u00e8nements","robots":{"index":"index","follow":"follow","max-snippet":"max-snippet:-1","max-image-preview":"max-image-preview:large","max-video-preview":"max-video-preview:-1"},"canonical":"https:\/\/haras-de-nantes.fr\/evenements\/blog\/","og_locale":"fr_FR","og_type":"article","og_title":"Blog - Haras de Nantes \u00c9v\u00e8nements","og_description":"Nos conseils pour vos \u00e9v\u00e9nements r\u00e9ussis Les 5 atouts de l\u2019\u00e9quicoaching pour un s\u00e9minaire d\u2019entreprise \u00e0 Nantes Dans cet article, revenons sur\u00a0les principaux atouts de l\u2019\u00e9quicoaching\u00a0qui feront de votre prochain s\u00e9minaire un moment fort qui rayonnera ensuite dans votre quotidien professionnel.\u00a0 Lire l&rsquo;article S\u00e9minaire d\u2019entreprise et team building \u00e0 Nantes, comment s\u2019adapter \u00e0 la taille [&hellip;]","og_url":"https:\/\/haras-de-nantes.fr\/evenements\/blog\/","og_site_name":"Haras de Nantes \u00c9v\u00e8nements","article_modified_time":"2025-11-21T09:45:02+00:00","twitter_card":"summary_large_image","twitter_misc":{"Dur\u00e9e de lecture estim\u00e9e":"2 minutes"},"schema":{"@context":"https:\/\/schema.org","@graph":[{"@type":"WebPage","@id":"https:\/\/haras-de-nantes.fr\/evenements\/blog\/","url":"https:\/\/haras-de-nantes.fr\/evenements\/blog\/","name":"Blog - Haras de Nantes \u00c9v\u00e8nements","isPartOf":{"@id":"https:\/\/haras-de-nantes.fr\/evenements\/#website"},"datePublished":"2025-10-08T13:33:28+00:00","dateModified":"2025-11-21T09:45:02+00:00","breadcrumb":{"@id":"https:\/\/haras-de-nantes.fr\/evenements\/blog\/#breadcrumb"},"inLanguage":"fr-FR","potentialAction":[{"@type":"ReadAction","target":["https:\/\/haras-de-nantes.fr\/evenements\/blog\/"]}]},{"@type":"BreadcrumbList","@id":"https:\/\/haras-de-nantes.fr\/evenements\/blog\/#breadcrumb","itemListElement":[{"@type":"ListItem","position":1,"name":"Accueil","item":"https:\/\/haras-de-nantes.fr\/evenements\/"},{"@type":"ListItem","position":2,"name":"Blog"}]},{"@type":"WebSite","@id":"https:\/\/haras-de-nantes.fr\/evenements\/#website","url":"https:\/\/haras-de-nantes.fr\/evenements\/","name":"Haras de Nantes \u00e9v\u00e9nements","description":"","publisher":{"@id":"https:\/\/haras-de-nantes.fr\/evenements\/#organization"},"potentialAction":[{"@type":"SearchAction","target":{"@type":"EntryPoint","urlTemplate":"https:\/\/haras-de-nantes.fr\/evenements\/?s={search_term_string}"},"query-input":{"@type":"PropertyValueSpecification","valueRequired":true,"valueName":"search_term_string"}}],"inLanguage":"fr-FR"},{"@type":"Organization","@id":"https:\/\/haras-de-nantes.fr\/evenements\/#organization","name":"Haras de Nantes \u00e9v\u00e9nements","url":"https:\/\/haras-de-nantes.fr\/evenements\/","logo":{"@type":"ImageObject","inLanguage":"fr-FR","@id":"https:\/\/haras-de-nantes.fr\/evenements\/#\/schema\/logo\/image\/","url":"https:\/\/haras-de-nantes.fr\/evenements\/wp-content\/uploads\/2025\/04\/Logo.png","contentUrl":"https:\/\/haras-de-nantes.fr\/evenements\/wp-content\/uploads\/2025\/04\/Logo.png","width":369,"height":108,"caption":"Haras de Nantes \u00e9v\u00e9nements"},"image":{"@id":"https:\/\/haras-de-nantes.fr\/evenements\/#\/schema\/logo\/image\/"},"sameAs":["https:\/\/www.instagram.com\/haras_de_nantes_evenements\/"]}]}},"_links":{"self":[{"href":"https:\/\/haras-de-nantes.fr\/evenements\/wp-json\/wp\/v2\/pages\/732","targetHints":{"allow":["GET"]}}],"collection":[{"href":"https:\/\/haras-de-nantes.fr\/evenements\/wp-json\/wp\/v2\/pages"}],"about":[{"href":"https:\/\/haras-de-nantes.fr\/evenements\/wp-json\/wp\/v2\/types\/page"}],"author":[{"embeddable":true,"href":"https:\/\/haras-de-nantes.fr\/evenements\/wp-json\/wp\/v2\/users\/1"}],"replies":[{"embeddable":true,"href":"https:\/\/haras-de-nantes.fr\/evenements\/wp-json\/wp\/v2\/comments?post=732"}],"version-history":[{"count":17,"href":"https:\/\/haras-de-nantes.fr\/evenements\/wp-json\/wp\/v2\/pages\/732\/revisions"}],"predecessor-version":[{"id":834,"href":"https:\/\/haras-de-nantes.fr\/evenements\/wp-json\/wp\/v2\/pages\/732\/revisions\/834"}],"wp:attachment":[{"href":"https:\/\/haras-de-nantes.fr\/evenements\/wp-json\/wp\/v2\/media?parent=732"}],"curies":[{"name":"wp","href":"https:\/\/api.w.org\/{rel}","templated":true}]}}