{"id":19,"date":"2025-04-14T10:40:03","date_gmt":"2025-04-14T08:40:03","guid":{"rendered":"https:\/\/haras-de-nantes.fr\/evenements\/?page_id=19"},"modified":"2026-04-30T10:54:27","modified_gmt":"2026-04-30T08:54:27","slug":"evenements-equestres","status":"publish","type":"page","link":"https:\/\/haras-de-nantes.fr\/evenements\/evenements-equestres\/","title":{"rendered":"\u00c9v\u00e9nements"},"content":{"rendered":"<h1>Venez assister aux prochains \u00e9v\u00e9nements<br \/>du Haras de Nantes<\/h1>\n<div>\n<p>Vous cherchez une sortie seul, en famille, entre amis, avec vos clients ou vos coll\u00e8gues autour de Nantes alors profitez de nos \u00e9v\u00e8nements pour venir en tant que spectateurs assister \u00e0 une comp\u00e9tition ou un spectacle.<\/p>\n<\/div>\n<ul>\n<li>\n<p>        <img decoding=\"async\" src=\"\/evenements\/wp-content\/uploads\/2026\/04\/vignette.jpg\" alt=\"\"><\/p>\n<h4>Comp\u00e9tition CSO officiel<\/h4>\n<p>Dimanche 3 Mai 2026<\/p>\n<div>\n<p>Venez assister \u00e0 une phase des qualifications des Championnats de France de saut d&rsquo;obstacles.<\/p>\n<\/div>\n<p><a href=\"https:\/\/app.overfull.fr\/booking-v2\/?key_id=zmG8ptyREeA&#038;source=Web&#038;lang=fr\">R\u00e9server des places<\/a><\/p>\n<\/li>\n<li>\n<p>        <img decoding=\"async\" src=\"\/evenements\/wp-content\/uploads\/2025\/06\/k-2.jpg\" alt=\"\"><\/p>\n<h4>Vaillanti\u00e8re Show<\/h4>\n<p>Samedi 27 Juin 2026<\/p>\n<div>\n<p>Une compilation de spectacles \u00e9questres comiques, po\u00e9tiques ou d&rsquo;aventure !<\/p>\n<\/div>\n<\/li>\n<\/ul>\n<div>\n<p>        <img decoding=\"async\" src=\"\/evenements\/wp-content\/uploads\/2026\/02\/PXL_20260202_152428219.PORTRAIT-scaled.jpg\" alt=\"\"><\/p>\n<h2>Vivez les \u00e9v\u00e9nements de la meilleure des mani\u00e8res<\/h2>\n<div>\n<p>Soyez au c\u0153ur de nos \u00e9v\u00e8nements en profitant d\u2019une table ou d\u2019une loge. Vivez un moment d\u2019exception en compagnie de vos proches, vos clients ou vos coll\u00e8gues en devenant partenaire du Haras de Nantes.<\/p>\n<\/div>\n<p><a href=\"https:\/\/docs.google.com\/forms\/d\/e\/1FAIpQLSduzaWLecpBzfmzpHB59oXnHiubAhSbn2XaoRvaaSsTHt5OkQ\/viewform?usp=dialog\">devenir partenaire<\/a><\/p>\n<\/div>\n<h1>Co-cr\u00e9ons un \u00e9v\u00e8nement<\/h1>\n<div>Vous \u00eates un club, une association ou porteur de votre propre projet et vous souhaitez b\u00e9n\u00e9ficier du cadre du Haras de Nantes pour y organiser un \u00e9v\u00e8nement sportif, artistique ou d\u2019un autre genre, prenez contact avec nous. Nous aimons donner vie aux projets ambitieux alors parlons-en.\n<\/div>\n<p><p>\n        <a href=\"https:\/\/docs.google.com\/forms\/d\/e\/1FAIpQLSeUWQoMJ5uIkg8lMO-rxDkoFRf_1Eov7tz9o7NK0vkk2Bxj2Q\/viewform?usp=dialog\">Contactez-nous<\/a>\n    <\/p>\n<\/p>\n<p><!--more--><br \/>\n<!-- {\"type\":\"layout\",\"children\":[{\"type\":\"section\",\"props\":{\"id\":\"Agenda\",\"image_position\":\"center-center\",\"style\":\"default\",\"title_breakpoint\":\"xl\",\"title_position\":\"top-left\",\"title_rotation\":\"left\",\"vertical_align\":\"middle\",\"width\":\"default\"},\"children\":[{\"type\":\"row\",\"children\":[{\"type\":\"column\",\"props\":{\"image_position\":\"center-center\",\"position_sticky_breakpoint\":\"m\"},\"children\":[{\"type\":\"headline\",\"props\":{\"content\":\"Venez assister aux prochains \\u00e9v\\u00e9nements<br \\\/>du Haras de Nantes\",\"title_element\":\"h1\"}},{\"type\":\"text\",\"props\":{\"column_breakpoint\":\"m\",\"content\":\"\n\n<p>Vous cherchez une sortie seul, en famille, entre amis, avec vos clients ou vos coll\\u00e8gues autour de Nantes alors profitez de nos \\u00e9v\\u00e8nements pour venir en tant que spectateurs assister \\u00e0 une comp\\u00e9tition ou un spectacle.<\\\/p>\",\"margin\":\"default\"}},{\"name\":\"Gallery Center Columns\",\"type\":\"gallery\",\"children\":[{\"type\":\"gallery_item\",\"props\":{\"content\":\"\n\n<p><span>Une comp\\u00e9tition montrant l'\\u00e9l\\u00e9gance des chevaux et de leurs mouvements<\\\/span><\\\/p>\",\"image\":\"wp-content\\\/uploads\\\/2025\\\/06\\\/penelope2-Copie.jpeg\",\"link\":\"https:\\\/\\\/app.overfull.fr\\\/booking-v2\\\/?key_id=zmG8ptyREeA&source=Web&lang=fr\",\"link_text\":\"R\\u00e9server des places\",\"meta\":\"Samedi 25 Avril 2026\",\"status\":\"disabled\",\"title\":\"Comp\\u00e9tition de dressage\"}},{\"type\":\"gallery_item\",\"props\":{\"content\":\"\n\n<p>Venez assister \\u00e0 une phase des qualifications des Championnats de France de saut d'obstacles.<\\\/p>\",\"image\":\"wp-content\\\/uploads\\\/2026\\\/04\\\/vignette.jpg\",\"link\":\"https:\\\/\\\/app.overfull.fr\\\/booking-v2\\\/?key_id=zmG8ptyREeA&source=Web&lang=fr\",\"link_text\":\"R\\u00e9server des places\",\"meta\":\"Dimanche 3 Mai 2026\",\"title\":\"Comp\\u00e9tition CSO officiel\"}},{\"type\":\"gallery_item\",\"props\":{\"content\":\"\n\n<p>Une compilation de spectacles \\u00e9questres comiques, po\\u00e9tiques ou d'aventure !<\\\/p>\",\"image\":\"wp-content\\\/uploads\\\/2025\\\/06\\\/k-2.jpg\",\"link_text\":\"Billetterie bient\\u00f4t disponible\",\"meta\":\"Samedi 27 Juin 2026\",\"title\":\"Vaillanti\\u00e8re Show\"}}],\"props\":{\"content_style\":\"text-small\",\"filter_align\":\"left\",\"filter_all\":true,\"filter_grid_breakpoint\":\"m\",\"filter_grid_width\":\"auto\",\"filter_position\":\"top\",\"filter_style\":\"tab\",\"grid_column_align\":true,\"grid_column_gap\":\"medium\",\"grid_default\":\"1\",\"grid_divider\":false,\"grid_medium\":\"3\",\"grid_parallax\":\"0\",\"grid_row_align\":false,\"grid_small\":\"2\",\"image_expand\":false,\"image_transition\":\"scale-up\",\"image_width\":\"610\",\"item_animation\":true,\"item_maxwidth\":\"2xlarge\",\"lightbox_bg_close\":true,\"link_style\":\"text\",\"link_target\":true,\"link_text\":\"R\\u00e9server des places\",\"margin\":\"medium\",\"meta_align\":\"below-title\",\"meta_color\":\"primary\",\"meta_element\":\"div\",\"meta_style\":\"text-meta\",\"overlay_hover\":false,\"overlay_link\":true,\"overlay_margin\":\"large\",\"overlay_maxwidth\":\"large\",\"overlay_mode\":\"cover\",\"overlay_padding\":\"small\",\"overlay_position\":\"center\",\"overlay_style\":\"overlay-default\",\"overlay_transition\":\"fade\",\"parallax_easing\":\"1\",\"show_content\":true,\"show_hover_image\":true,\"show_hover_video\":true,\"show_link\":true,\"show_meta\":true,\"show_title\":true,\"text_align\":\"center\",\"text_color\":\"\",\"title_element\":\"h4\",\"title_font_family\":\"primary\",\"title_hover_style\":\"reset\",\"title_style\":\"h3\"}}]}]}]},{\"type\":\"section\",\"props\":{\"image_position\":\"center-center\",\"style\":\"default\",\"title_breakpoint\":\"xl\",\"title_position\":\"top-left\",\"title_rotation\":\"left\",\"vertical_align\":\"middle\",\"width\":\"default\"},\"children\":[{\"type\":\"row\",\"children\":[{\"type\":\"column\",\"props\":{\"image_position\":\"center-center\",\"position_sticky_breakpoint\":\"m\"},\"children\":[{\"type\":\"button\",\"props\":{\"grid_column_gap\":\"small\",\"grid_row_gap\":\"small\",\"margin\":\"default\"},\"children\":[{\"type\":\"button_item\",\"props\":{\"button_style\":\"primary\",\"content\":\"\",\"dialog_layout\":\"modal\",\"dialog_offcanvas_flip\":true,\"icon_align\":\"left\",\"link\":\"https:\\\/\\\/www.equitation-nantes.fr\\\/categorie-produit\\\/billetterie\\\/\"}}]}]}]}]},{\"type\":\"section\",\"props\":{\"id\":\"LogeVIP\",\"image_position\":\"center-center\",\"style\":\"default\",\"title_breakpoint\":\"xl\",\"title_position\":\"top-left\",\"title_rotation\":\"left\",\"vertical_align\":\"middle\",\"width\":\"default\"},\"children\":[{\"type\":\"row\",\"children\":[{\"type\":\"column\",\"props\":{\"image_position\":\"center-center\",\"position_sticky_breakpoint\":\"m\"},\"children\":[{\"name\":\"Overlay Content Tile Caption Right Center\",\"type\":\"overlay\",\"props\":{\"content\":\"\n\n<p>Soyez au c\\u0153ur de nos \\u00e9v\\u00e8nements en profitant d\\u2019une table ou d\\u2019une loge. Vivez un moment d\\u2019exception en compagnie de vos proches, vos clients ou vos coll\\u00e8gues en devenant partenaire du Haras de Nantes.<\\\/p>\",\"height_expand\":false,\"hover_image\":\"\",\"image\":\"wp-content\\\/uploads\\\/2026\\\/02\\\/PXL_20260202_152428219.PORTRAIT-scaled.jpg\",\"image_box_decoration\":\"default\",\"image_min_height\":\"500\",\"image_width\":\"1600\",\"link\":\"https:\\\/\\\/docs.google.com\\\/forms\\\/d\\\/e\\\/1FAIpQLSduzaWLecpBzfmzpHB59oXnHiubAhSbn2XaoRvaaSsTHt5OkQ\\\/viewform?usp=dialog\",\"link_margin\":\"medium\",\"link_size\":\"large\",\"link_style\":\"primary\",\"link_target\":true,\"link_text\":\"devenir partenaire\",\"margin\":\"\",\"margin_remove_top\":false,\"meta\":\"\",\"meta_align\":\"above-title\",\"meta_color\":\"emphasis\",\"meta_element\":\"div\",\"meta_style\":\"text-meta\",\"overlay_hover\":false,\"overlay_link\":true,\"overlay_margin\":\"large\",\"overlay_maxwidth\":\"large\",\"overlay_mode\":\"caption\",\"overlay_padding\":\"large\",\"overlay_position\":\"center-right\",\"overlay_style\":\"overlay-default\",\"overlay_transition\":\"fade\",\"text_align\":\"\",\"text_color\":\"light\",\"title\":\"Vivez les \\u00e9v\\u00e9nements de la meilleure des mani\\u00e8res\",\"title_element\":\"h2\",\"title_hover_style\":\"reset\",\"title_margin\":\"small\",\"title_style\":\"h1\"}}]}]}]},{\"type\":\"section\",\"props\":{\"id\":\"Co-creons\",\"image\":\"wp-content\\\/uploads\\\/2025\\\/04\\\/DSC_0418-scaled.jpg\",\"image_position\":\"center-center\",\"image_size\":\"cover\",\"media_overlay\":\"rgba(0, 0, 0, 0.34)\",\"overlap\":false,\"padding\":\"large\",\"style\":\"primary\",\"title_breakpoint\":\"xl\",\"title_position\":\"top-left\",\"title_rotation\":\"left\",\"vertical_align\":\"middle\",\"width\":\"default\"},\"children\":[{\"type\":\"row\",\"children\":[{\"type\":\"column\",\"props\":{\"image_position\":\"center-center\",\"position_sticky_breakpoint\":\"m\"},\"children\":[{\"type\":\"headline\",\"props\":{\"content\":\"Co-cr\\u00e9ons un \\u00e9v\\u00e8nement\",\"title_element\":\"h1\"}}]}]},{\"type\":\"row\",\"props\":{\"alignment\":\"center\",\"layout\":\"2-3,1-3\"},\"children\":[{\"type\":\"column\",\"props\":{\"image_position\":\"center-center\",\"position_sticky_breakpoint\":\"m\",\"width_medium\":\"2-3\"},\"children\":[{\"type\":\"text\",\"props\":{\"column_breakpoint\":\"m\",\"content\":\"Vous \\u00eates un club, une association ou porteur de votre propre projet et vous souhaitez b\\u00e9n\\u00e9ficier du cadre du Haras de Nantes pour y organiser un \\u00e9v\\u00e8nement sportif, artistique ou d\\u2019un autre genre, prenez contact avec nous. Nous aimons donner vie aux projets ambitieux alors parlons-en.\\n\",\"margin\":\"default\",\"text_style\":\"lead\"}}]},{\"type\":\"column\",\"props\":{\"image_position\":\"center-center\",\"position_sticky_breakpoint\":\"m\",\"width_medium\":\"1-3\"},\"children\":[{\"type\":\"button\",\"props\":{\"button_size\":\"large\",\"fullwidth\":false,\"grid_column_gap\":\"small\",\"grid_row_gap\":\"small\",\"margin\":\"default\",\"margin_remove_top\":false,\"text_align\":\"center\",\"text_align_breakpoint\":\"m\",\"text_align_fallback\":\"center\"},\"children\":[{\"type\":\"button_item\",\"props\":{\"button_style\":\"default\",\"content\":\"Contactez-nous\",\"dialog_layout\":\"modal\",\"dialog_offcanvas_flip\":true,\"icon_align\":\"left\",\"link\":\"https:\\\/\\\/docs.google.com\\\/forms\\\/d\\\/e\\\/1FAIpQLSeUWQoMJ5uIkg8lMO-rxDkoFRf_1Eov7tz9o7NK0vkk2Bxj2Q\\\/viewform?usp=dialog\",\"link_target\":\"blank\"}}]}]}]}]}],\"version\":\"4.5.11\"} --><\/p>\n","protected":false},"excerpt":{"rendered":"<p>Venez assister aux prochains \u00e9v\u00e9nementsdu Haras de Nantes Vous cherchez une sortie seul, en famille, entre amis, avec vos clients ou vos coll\u00e8gues autour de Nantes alors profitez de nos \u00e9v\u00e8nements pour venir en tant que spectateurs assister \u00e0 une comp\u00e9tition ou un spectacle. Comp\u00e9tition CSO officiel Dimanche 3 Mai 2026 Venez assister \u00e0 une [&hellip;]<\/p>\n","protected":false},"author":1,"featured_media":0,"parent":0,"menu_order":0,"comment_status":"closed","ping_status":"closed","template":"","meta":{"footnotes":""},"class_list":["post-19","page","type-page","status-publish","hentry"],"yoast_head":"<!-- This site is optimized with the Yoast SEO plugin v26.0 - https:\/\/yoast.com\/wordpress\/plugins\/seo\/ -->\n<title>\u00c9v\u00e9nements - Haras de Nantes \u00c9v\u00e8nements<\/title>\n<meta name=\"robots\" content=\"index, follow, max-snippet:-1, max-image-preview:large, max-video-preview:-1\" \/>\n<link rel=\"canonical\" href=\"https:\/\/haras-de-nantes.fr\/evenements\/evenements-equestres\/\" \/>\n<meta property=\"og:locale\" content=\"fr_FR\" \/>\n<meta property=\"og:type\" content=\"article\" \/>\n<meta property=\"og:title\" content=\"\u00c9v\u00e9nements - Haras de Nantes \u00c9v\u00e8nements\" \/>\n<meta property=\"og:description\" content=\"Venez assister aux prochains \u00e9v\u00e9nementsdu Haras de Nantes Vous cherchez une sortie seul, en famille, entre amis, avec vos clients ou vos coll\u00e8gues autour de Nantes alors profitez de nos \u00e9v\u00e8nements pour venir en tant que spectateurs assister \u00e0 une comp\u00e9tition ou un spectacle. Comp\u00e9tition CSO officiel Dimanche 3 Mai 2026 Venez assister \u00e0 une [&hellip;]\" \/>\n<meta property=\"og:url\" content=\"https:\/\/haras-de-nantes.fr\/evenements\/evenements-equestres\/\" \/>\n<meta property=\"og:site_name\" content=\"Haras de Nantes \u00c9v\u00e8nements\" \/>\n<meta property=\"article:modified_time\" content=\"2026-04-30T08:54:27+00:00\" \/>\n<meta name=\"twitter:card\" content=\"summary_large_image\" \/>\n<meta name=\"twitter:label1\" content=\"Dur\u00e9e de lecture estim\u00e9e\" \/>\n\t<meta name=\"twitter:data1\" content=\"1 minute\" \/>\n<script type=\"application\/ld+json\" class=\"yoast-schema-graph\">{\"@context\":\"https:\/\/schema.org\",\"@graph\":[{\"@type\":\"WebPage\",\"@id\":\"https:\/\/haras-de-nantes.fr\/evenements\/evenements-equestres\/\",\"url\":\"https:\/\/haras-de-nantes.fr\/evenements\/evenements-equestres\/\",\"name\":\"\u00c9v\u00e9nements - Haras de Nantes \u00c9v\u00e8nements\",\"isPartOf\":{\"@id\":\"https:\/\/haras-de-nantes.fr\/evenements\/#website\"},\"datePublished\":\"2025-04-14T08:40:03+00:00\",\"dateModified\":\"2026-04-30T08:54:27+00:00\",\"breadcrumb\":{\"@id\":\"https:\/\/haras-de-nantes.fr\/evenements\/evenements-equestres\/#breadcrumb\"},\"inLanguage\":\"fr-FR\",\"potentialAction\":[{\"@type\":\"ReadAction\",\"target\":[\"https:\/\/haras-de-nantes.fr\/evenements\/evenements-equestres\/\"]}]},{\"@type\":\"BreadcrumbList\",\"@id\":\"https:\/\/haras-de-nantes.fr\/evenements\/evenements-equestres\/#breadcrumb\",\"itemListElement\":[{\"@type\":\"ListItem\",\"position\":1,\"name\":\"Accueil\",\"item\":\"https:\/\/haras-de-nantes.fr\/evenements\/\"},{\"@type\":\"ListItem\",\"position\":2,\"name\":\"\u00c9v\u00e9nements\"}]},{\"@type\":\"WebSite\",\"@id\":\"https:\/\/haras-de-nantes.fr\/evenements\/#website\",\"url\":\"https:\/\/haras-de-nantes.fr\/evenements\/\",\"name\":\"Haras de Nantes \u00e9v\u00e9nements\",\"description\":\"\",\"publisher\":{\"@id\":\"https:\/\/haras-de-nantes.fr\/evenements\/#organization\"},\"potentialAction\":[{\"@type\":\"SearchAction\",\"target\":{\"@type\":\"EntryPoint\",\"urlTemplate\":\"https:\/\/haras-de-nantes.fr\/evenements\/?s={search_term_string}\"},\"query-input\":{\"@type\":\"PropertyValueSpecification\",\"valueRequired\":true,\"valueName\":\"search_term_string\"}}],\"inLanguage\":\"fr-FR\"},{\"@type\":\"Organization\",\"@id\":\"https:\/\/haras-de-nantes.fr\/evenements\/#organization\",\"name\":\"Haras de Nantes \u00e9v\u00e9nements\",\"url\":\"https:\/\/haras-de-nantes.fr\/evenements\/\",\"logo\":{\"@type\":\"ImageObject\",\"inLanguage\":\"fr-FR\",\"@id\":\"https:\/\/haras-de-nantes.fr\/evenements\/#\/schema\/logo\/image\/\",\"url\":\"https:\/\/haras-de-nantes.fr\/evenements\/wp-content\/uploads\/2025\/04\/Logo.png\",\"contentUrl\":\"https:\/\/haras-de-nantes.fr\/evenements\/wp-content\/uploads\/2025\/04\/Logo.png\",\"width\":369,\"height\":108,\"caption\":\"Haras de Nantes \u00e9v\u00e9nements\"},\"image\":{\"@id\":\"https:\/\/haras-de-nantes.fr\/evenements\/#\/schema\/logo\/image\/\"},\"sameAs\":[\"https:\/\/www.instagram.com\/haras_de_nantes_evenements\/\"]}]}<\/script>\n<!-- \/ Yoast SEO plugin. -->","yoast_head_json":{"title":"\u00c9v\u00e9nements - Haras de Nantes \u00c9v\u00e8nements","robots":{"index":"index","follow":"follow","max-snippet":"max-snippet:-1","max-image-preview":"max-image-preview:large","max-video-preview":"max-video-preview:-1"},"canonical":"https:\/\/haras-de-nantes.fr\/evenements\/evenements-equestres\/","og_locale":"fr_FR","og_type":"article","og_title":"\u00c9v\u00e9nements - Haras de Nantes \u00c9v\u00e8nements","og_description":"Venez assister aux prochains \u00e9v\u00e9nementsdu Haras de Nantes Vous cherchez une sortie seul, en famille, entre amis, avec vos clients ou vos coll\u00e8gues autour de Nantes alors profitez de nos \u00e9v\u00e8nements pour venir en tant que spectateurs assister \u00e0 une comp\u00e9tition ou un spectacle. Comp\u00e9tition CSO officiel Dimanche 3 Mai 2026 Venez assister \u00e0 une [&hellip;]","og_url":"https:\/\/haras-de-nantes.fr\/evenements\/evenements-equestres\/","og_site_name":"Haras de Nantes \u00c9v\u00e8nements","article_modified_time":"2026-04-30T08:54:27+00:00","twitter_card":"summary_large_image","twitter_misc":{"Dur\u00e9e de lecture estim\u00e9e":"1 minute"},"schema":{"@context":"https:\/\/schema.org","@graph":[{"@type":"WebPage","@id":"https:\/\/haras-de-nantes.fr\/evenements\/evenements-equestres\/","url":"https:\/\/haras-de-nantes.fr\/evenements\/evenements-equestres\/","name":"\u00c9v\u00e9nements - Haras de Nantes \u00c9v\u00e8nements","isPartOf":{"@id":"https:\/\/haras-de-nantes.fr\/evenements\/#website"},"datePublished":"2025-04-14T08:40:03+00:00","dateModified":"2026-04-30T08:54:27+00:00","breadcrumb":{"@id":"https:\/\/haras-de-nantes.fr\/evenements\/evenements-equestres\/#breadcrumb"},"inLanguage":"fr-FR","potentialAction":[{"@type":"ReadAction","target":["https:\/\/haras-de-nantes.fr\/evenements\/evenements-equestres\/"]}]},{"@type":"BreadcrumbList","@id":"https:\/\/haras-de-nantes.fr\/evenements\/evenements-equestres\/#breadcrumb","itemListElement":[{"@type":"ListItem","position":1,"name":"Accueil","item":"https:\/\/haras-de-nantes.fr\/evenements\/"},{"@type":"ListItem","position":2,"name":"\u00c9v\u00e9nements"}]},{"@type":"WebSite","@id":"https:\/\/haras-de-nantes.fr\/evenements\/#website","url":"https:\/\/haras-de-nantes.fr\/evenements\/","name":"Haras de Nantes \u00e9v\u00e9nements","description":"","publisher":{"@id":"https:\/\/haras-de-nantes.fr\/evenements\/#organization"},"potentialAction":[{"@type":"SearchAction","target":{"@type":"EntryPoint","urlTemplate":"https:\/\/haras-de-nantes.fr\/evenements\/?s={search_term_string}"},"query-input":{"@type":"PropertyValueSpecification","valueRequired":true,"valueName":"search_term_string"}}],"inLanguage":"fr-FR"},{"@type":"Organization","@id":"https:\/\/haras-de-nantes.fr\/evenements\/#organization","name":"Haras de Nantes \u00e9v\u00e9nements","url":"https:\/\/haras-de-nantes.fr\/evenements\/","logo":{"@type":"ImageObject","inLanguage":"fr-FR","@id":"https:\/\/haras-de-nantes.fr\/evenements\/#\/schema\/logo\/image\/","url":"https:\/\/haras-de-nantes.fr\/evenements\/wp-content\/uploads\/2025\/04\/Logo.png","contentUrl":"https:\/\/haras-de-nantes.fr\/evenements\/wp-content\/uploads\/2025\/04\/Logo.png","width":369,"height":108,"caption":"Haras de Nantes \u00e9v\u00e9nements"},"image":{"@id":"https:\/\/haras-de-nantes.fr\/evenements\/#\/schema\/logo\/image\/"},"sameAs":["https:\/\/www.instagram.com\/haras_de_nantes_evenements\/"]}]}},"_links":{"self":[{"href":"https:\/\/haras-de-nantes.fr\/evenements\/wp-json\/wp\/v2\/pages\/19","targetHints":{"allow":["GET"]}}],"collection":[{"href":"https:\/\/haras-de-nantes.fr\/evenements\/wp-json\/wp\/v2\/pages"}],"about":[{"href":"https:\/\/haras-de-nantes.fr\/evenements\/wp-json\/wp\/v2\/types\/page"}],"author":[{"embeddable":true,"href":"https:\/\/haras-de-nantes.fr\/evenements\/wp-json\/wp\/v2\/users\/1"}],"replies":[{"embeddable":true,"href":"https:\/\/haras-de-nantes.fr\/evenements\/wp-json\/wp\/v2\/comments?post=19"}],"version-history":[{"count":74,"href":"https:\/\/haras-de-nantes.fr\/evenements\/wp-json\/wp\/v2\/pages\/19\/revisions"}],"predecessor-version":[{"id":1026,"href":"https:\/\/haras-de-nantes.fr\/evenements\/wp-json\/wp\/v2\/pages\/19\/revisions\/1026"}],"wp:attachment":[{"href":"https:\/\/haras-de-nantes.fr\/evenements\/wp-json\/wp\/v2\/media?parent=19"}],"curies":[{"name":"wp","href":"https:\/\/api.w.org\/{rel}","templated":true}]}}